{"id":271448,"date":"2025-07-31T03:03:49","date_gmt":"2025-07-31T03:03:49","guid":{"rendered":"https:\/\/www.crysound.com\/submitinfo\/"},"modified":"2026-03-07T04:56:24","modified_gmt":"2026-03-07T04:56:24","slug":"submitinfo","status":"publish","type":"page","link":"https:\/\/design.crysound.com\/fr\/submitinfo\/","title":{"rendered":"Informations de soumission"},"content":{"rendered":"\t\t<div data-elementor-type=\"wp-page\" data-elementor-id=\"271448\" class=\"elementor elementor-271448 elementor-262079\" data-elementor-post-type=\"page\">\n\t\t\t\t<div class=\"elementor-element elementor-element-ef60bcc e-flex e-con-boxed e-con e-parent\" data-id=\"ef60bcc\" data-element_type=\"container\" data-e-type=\"container\" data-settings=\"{&quot;ekit_has_onepagescroll_dot&quot;:&quot;yes&quot;}\">\n\t\t\t\t\t<div class=\"e-con-inner\">\n\t\t\t\t<div class=\"elementor-element elementor-element-cfb1858 elementor-widget elementor-widget-image\" data-id=\"cfb1858\" data-element_type=\"widget\" data-e-type=\"widget\" data-settings=\"{&quot;ekit_we_effect_on&quot;:&quot;none&quot;}\" data-widget_type=\"image.default\">\n\t\t\t\t\t\t\t\t\t\t\t\t\t\t\t<img decoding=\"async\" width=\"128\" height=\"128\" src=\"https:\/\/design.crysound.com\/wp-content\/uploads\/2025\/07\/66d0033d1bdcb8f6234f0be4_Choose-right.png\" class=\"attachment-full size-full wp-image-271449\" alt=\"\" srcset=\"https:\/\/design.crysound.com\/wp-content\/uploads\/2025\/07\/66d0033d1bdcb8f6234f0be4_Choose-right.png 128w, https:\/\/design.crysound.com\/wp-content\/uploads\/2025\/07\/66d0033d1bdcb8f6234f0be4_Choose-right-50x50.png 50w\" sizes=\"(max-width: 128px) 100vw, 128px\" \/>\t\t\t\t\t\t\t\t\t\t\t\t\t\t\t<\/div>\n\t\t\t\t<div class=\"elementor-element elementor-element-40c91ba elementor-widget elementor-widget-text-editor\" data-id=\"40c91ba\" data-element_type=\"widget\" data-e-type=\"widget\" data-settings=\"{&quot;ekit_we_effect_on&quot;:&quot;none&quot;}\" data-widget_type=\"text-editor.default\">\n\t\t\t\t\t\t\t\t\t<p>Merci d\u2019avoir soumis vos informations&nbsp;!<br\/>Nous appr\u00e9cions votre int\u00e9r\u00eat et nous vous contacterons sous peu.<\/p>\t\t\t\t\t\t\t\t<\/div>\n\t\t\t\t<div class=\"elementor-element elementor-element-279ce6f elementor-align-center elementor-widget elementor-widget-button\" data-id=\"279ce6f\" data-element_type=\"widget\" data-e-type=\"widget\" data-settings=\"{&quot;ekit_we_effect_on&quot;:&quot;none&quot;}\" data-widget_type=\"button.default\">\n\t\t\t\t\t\t\t\t\t\t<a class=\"elementor-button elementor-button-link elementor-size-sm\" href=\"https:\/\/design.crysound.com\/fr\/\">\n\t\t\t\t\t\t<span class=\"elementor-button-content-wrapper\">\n\t\t\t\t\t\t\t\t\t<span class=\"elementor-button-text\">Retour \u00e0 l\u2019accueil<\/span>\n\t\t\t\t\t<\/span>\n\t\t\t\t\t<\/a>\n\t\t\t\t\t\t\t\t<\/div>\n\t\t\t\t\t<\/div>\n\t\t\t\t<\/div>\n\t\t\t\t<\/div>\n\t\t","protected":false},"excerpt":{"rendered":"<p>Merci d\u2019avoir soumis vos informations&nbsp;!Nous appr\u00e9cions votre int\u00e9r\u00eat et nous vous contacterons sous peu. Retour \u00e0 l\u2019accueil<\/p>\n","protected":false},"author":1,"featured_media":0,"parent":0,"menu_order":0,"comment_status":"closed","ping_status":"closed","template":"elementor_header_footer","meta":{"_acf_changed":false,"_eb_attr":"","content-type":"","footnotes":""},"class_list":["post-271448","page","type-page","status-publish","hentry"],"blocksy_meta":[],"acf":[],"_links":{"self":[{"href":"https:\/\/design.crysound.com\/fr\/wp-json\/wp\/v2\/pages\/271448","targetHints":{"allow":["GET"]}}],"collection":[{"href":"https:\/\/design.crysound.com\/fr\/wp-json\/wp\/v2\/pages"}],"about":[{"href":"https:\/\/design.crysound.com\/fr\/wp-json\/wp\/v2\/types\/page"}],"author":[{"embeddable":true,"href":"https:\/\/design.crysound.com\/fr\/wp-json\/wp\/v2\/users\/1"}],"replies":[{"embeddable":true,"href":"https:\/\/design.crysound.com\/fr\/wp-json\/wp\/v2\/comments?post=271448"}],"version-history":[{"count":3,"href":"https:\/\/design.crysound.com\/fr\/wp-json\/wp\/v2\/pages\/271448\/revisions"}],"predecessor-version":[{"id":275337,"href":"https:\/\/design.crysound.com\/fr\/wp-json\/wp\/v2\/pages\/271448\/revisions\/275337"}],"wp:attachment":[{"href":"https:\/\/design.crysound.com\/fr\/wp-json\/wp\/v2\/media?parent=271448"}],"curies":[{"name":"wp","href":"https:\/\/api.w.org\/{rel}","templated":true}]}}